{"id":4747,"date":"2025-11-25T21:32:31","date_gmt":"2025-11-25T21:32:31","guid":{"rendered":"https:\/\/agencia3puntos.com\/?page_id=4747"},"modified":"2026-01-16T21:49:02","modified_gmt":"2026-01-16T21:49:02","slug":"diseno-web","status":"publish","type":"page","link":"https:\/\/agencia3puntos.com\/index.php\/diseno-web\/","title":{"rendered":"Dise\u00f1o Web"},"content":{"rendered":"\n<style>.elementor-4747 .elementor-element.elementor-element-335b0540 > .elementor-container > .elementor-column > .elementor-widget-wrap{align-content:center;align-items:center;}.elementor-4747 .elementor-element.elementor-element-335b0540:not(.elementor-motion-effects-element-type-background), .elementor-4747 .elementor-element.elementor-element-335b0540 > .elementor-motion-effects-container > .elementor-motion-effects-layer{background-color:#B6B6B6;background-image:url(\"https:\/\/agencia3puntos.com\/wp-content\/uploads\/2025\/09\/Textura-WEB.png\");background-position:center center;background-repeat:no-repeat;background-size:cover;}.elementor-4747 .elementor-element.elementor-element-335b0540 > .elementor-background-overlay{background-color:transparent;background-image:radial-gradient(at center center, var( --e-global-color-fffeea8 ) 9%, var( --e-global-color-1bd3a2e ) 100%);opacity:0.71;transition:background 0.3s, border-radius 0.3s, opacity 0.3s;}.elementor-4747 .elementor-element.elementor-element-335b0540 > .elementor-container{min-height:250px;}.elementor-4747 .elementor-element.elementor-element-335b0540{transition:background 0.3s, border 0.3s, border-radius 0.3s, box-shadow 0.3s;margin-top:0px;margin-bottom:0px;padding:05% 18% 05% 18%;}.elementor-4747 .elementor-element.elementor-element-6893d8e6.elementor-column > .elementor-widget-wrap{justify-content:center;}.elementor-4747 .elementor-element.elementor-element-6893d8e6 > .elementor-element-populated{margin:0px 0px 0px 0px;--e-column-margin-right:0px;--e-column-margin-left:0px;padding:0px 0px 0px 0px;}.elementor-4747 .elementor-element.elementor-element-1b88b90e{text-align:start;}.elementor-4747 .elementor-element.elementor-element-1b88b90e .elementor-heading-title{font-family:\"Regalis\", Sans-serif;font-size:75px;font-weight:400;color:var( --e-global-color-nvsitebg );}.elementor-4747 .elementor-element.elementor-element-ae6bcee{text-align:justify;font-family:\"Montserrat\", Sans-serif;font-size:20px;font-weight:400;line-height:21px;color:#FFFFFF;}.elementor-4747 .elementor-element.elementor-element-f68e289.elementor-widget > .elementor-widget-container, .elementor-4747 .elementor-element.elementor-element-f68e289.elementor-widget > .elementor-widget-container > *{position:relative;--jkit-option-enabled:0px;}.elementor-4747 .elementor-element.elementor-element-f68e289.elementor-widget > .elementor-widget-container::before{content:\"\";width:100%;height:100%;position:absolute;left:0;top:0;-webkit-backdrop-filter:blur(0px);backdrop-filter:blur(0px);border-radius:inherit;background-color:inherit;}.elementor-4747 .elementor-element.elementor-element-f68e289 .jltma-creative-button{text-align:center;justify-content:center;width:40%;font-size:20px;border-radius:15px 15px 15px 15px;color:#ffffff;background-color:var( --e-global-color-nvtextcolor );}.elementor-4747 .elementor-element.elementor-element-f68e289 .jltma-creative-button-icon-right{margin-left:15px;}.elementor-4747 .elementor-element.elementor-element-f68e289 .jltma-creative-button-icon-left{margin-right:15px;}.elementor-4747 .elementor-element.elementor-element-f68e289 .jltma-creative-button--shikoba i{left:-15px;}.elementor-4747 .elementor-element.elementor-element-f68e289 .jltma-creative-button::before{border-radius:15px 15px 15px 15px;}.elementor-4747 .elementor-element.elementor-element-f68e289 .jltma-creative-button::after{border-radius:15px 15px 15px 15px;}.elementor-4747 .elementor-element.elementor-element-f68e289 .jltma-creative-button.jltma-creative-button--tamaya::before{color:#ffffff;background-color:var( --e-global-color-nvtextcolor );}.elementor-4747 .elementor-element.elementor-element-f68e289 .jltma-creative-button.jltma-creative-button--tamaya::after{color:#ffffff;background-color:var( --e-global-color-nvtextcolor );}.elementor-4747 .elementor-element.elementor-element-f68e289 .jltma-creative-button.jltma-creative-button--ujarak:hover{background-color:var( --e-global-color-nvtextcolor );}.elementor-4747 .elementor-element.elementor-element-f68e289 .jltma-creative-button.jltma-creative-button--wayra:hover{background-color:var( --e-global-color-nvtextcolor );}.elementor-4747 .elementor-element.elementor-element-f68e289 .jltma-creative-button.jltma-creative-button--rayen:hover{background-color:var( --e-global-color-nvtextcolor );}.elementor-4747 .elementor-element.elementor-element-f68e289 .jltma-creative-button i{color:#ffffff;}.elementor-4747 .elementor-element.elementor-element-f68e289 .jltma-creative-button svg{fill:#ffffff;}.elementor-4747 .elementor-element.elementor-element-f68e289 .jltma-creative-button:hover, .elementor-4747 .elementor-element.elementor-element-f68e289 .jltma-creative-button.jltma-creative-button--winona::after, .elementor-4747 .elementor-element.elementor-element-f68e289 .jltma-creative-button--saqui:hover, .elementor-4747 .elementor-element.elementor-element-f68e289 .jltma-creative-button--saqui::after{color:#ffffff !important;}.elementor-4747 .elementor-element.elementor-element-f68e289 .jltma-creative-button:hover{background-color:var( --e-global-color-385ec2b );}.elementor-4747 .elementor-element.elementor-element-f68e289 .jltma-creative-button.jltma-creative-button--ujarak::before{background-color:var( --e-global-color-385ec2b );}.elementor-4747 .elementor-element.elementor-element-f68e289 .jltma-creative-button.jltma-creative-button--wayra:hover::before{background-color:var( --e-global-color-385ec2b );}.elementor-4747 .elementor-element.elementor-element-f68e289 .jltma-creative-button.jltma-creative-button--tamaya:hover{background-color:var( --e-global-color-385ec2b );}.elementor-4747 .elementor-element.elementor-element-f68e289 .jltma-creative-button.jltma-creative-button--rayen::before{background-color:var( --e-global-color-385ec2b );}.elementor-4747 .elementor-element.elementor-element-f68e289 .jltma-creative-button--saqui:hover{background-color:var( --e-global-color-385ec2b );}.elementor-4747 .elementor-element.elementor-element-f68e289 .jltma-creative-button:hover i{color:#ffffff;}.elementor-4747 .elementor-element.elementor-element-f68e289 .jltma-creative-button:hover svg{fill:#ffffff;}.elementor-4747 .elementor-element.elementor-element-62419b7 > .elementor-element-populated{margin:0px 0px 0px 0px;--e-column-margin-right:0px;--e-column-margin-left:0px;padding:0px 0px 0px 0px;}.elementor-4747 .elementor-element.elementor-element-7c1f3bb > .elementor-widget-container{margin:0px 0px 0px 0px;padding:0px 0px 0px 0px;}.elementor-4747 .elementor-element.elementor-element-7c1f3bb img{width:90%;}.elementor-4747 .elementor-element.elementor-element-8d11452 .jltma-infobox-content-title{color:#132c47;text-align:center;}.elementor-4747 .elementor-element.elementor-element-8d11452 .jltma-infobox-item:hover .jltma-infobox-content-title{text-align:center;}.elementor-4747 .elementor-element.elementor-element-8d11452 .jltma-infobox .jltma-infobox-content-description{color:#797c80;text-align:center;}.elementor-4747 .elementor-element.elementor-element-8d11452 .jltma-infobox-item:hover .jltma-infobox-content-description{text-align:center;}.elementor-4747 .elementor-element.elementor-element-46cb557 .jltma-infobox-content-title{color:#132c47;text-align:center;}.elementor-4747 .elementor-element.elementor-element-46cb557 .jltma-infobox-item:hover .jltma-infobox-content-title{text-align:center;}.elementor-4747 .elementor-element.elementor-element-46cb557 .jltma-infobox .jltma-infobox-content-description{color:#797c80;text-align:center;}.elementor-4747 .elementor-element.elementor-element-46cb557 .jltma-infobox-item:hover .jltma-infobox-content-description{text-align:center;}body.elementor-page-4747:not(.elementor-motion-effects-element-type-background), body.elementor-page-4747 > .elementor-motion-effects-container > .elementor-motion-effects-layer{background-color:#FFFFFF;}@media(min-width:1025px){.elementor-4747 .elementor-element.elementor-element-335b0540:not(.elementor-motion-effects-element-type-background), .elementor-4747 .elementor-element.elementor-element-335b0540 > .elementor-motion-effects-container > .elementor-motion-effects-layer{background-attachment:fixed;}}@media(max-width:1024px){.elementor-4747 .elementor-element.elementor-element-335b0540{padding:05% 05% 05% 05%;}.elementor-4747 .elementor-element.elementor-element-1b88b90e .elementor-heading-title{font-size:58px;}.elementor-4747 .elementor-element.elementor-element-ae6bcee{font-size:14px;}.elementor-4747 .elementor-element.elementor-element-f68e289 .jltma-creative-button{width:69%;}.elementor-4747 .elementor-element.elementor-element-7c1f3bb img{width:100%;}}@media(max-width:767px){.elementor-4747 .elementor-element.elementor-element-335b0540{padding:05% 05% 05% 05%;}.elementor-4747 .elementor-element.elementor-element-6893d8e6.elementor-column > .elementor-widget-wrap{justify-content:center;}.elementor-4747 .elementor-element.elementor-element-6893d8e6 > .elementor-widget-wrap > .elementor-widget:not(.elementor-widget__width-auto):not(.elementor-widget__width-initial):not(:last-child):not(.elementor-absolute){margin-block-end:10px;}.elementor-4747 .elementor-element.elementor-element-6893d8e6 > .elementor-element-populated{margin:0px 0px 0px 0px;--e-column-margin-right:0px;--e-column-margin-left:0px;padding:0px 0px 0px 0px;}.elementor-4747 .elementor-element.elementor-element-1b88b90e{text-align:center;}.elementor-4747 .elementor-element.elementor-element-1b88b90e .elementor-heading-title{font-size:63px;}.elementor-4747 .elementor-element.elementor-element-ae6bcee > .elementor-widget-container{padding:0px 0px 0px 0px;}.elementor-4747 .elementor-element.elementor-element-ae6bcee{font-size:13px;}.elementor-4747 .elementor-element.elementor-element-f68e289 > .elementor-widget-container{margin:5px 5px 5px 5px;}.elementor-4747 .elementor-element.elementor-element-f68e289 .jltma-creative-button{width:100%;}.elementor-4747 .elementor-element.elementor-element-7c1f3bb > .elementor-widget-container{margin:0px 0px 0px 0px;padding:0px 0px 0px 0px;}.elementor-4747 .elementor-element.elementor-element-7c1f3bb img{width:100%;max-width:100%;height:300px;object-fit:cover;object-position:center center;}}<\/style>\t\t<div data-elementor-type=\"wp-page\" data-elementor-id=\"4747\" class=\"elementor elementor-4747\">\n\t\t\t\t\t\t<section class=\"elementor-section elementor-top-section elementor-element elementor-element-335b0540 elementor-section-height-min-height elementor-section-content-middle elementor-section-full_width elementor-section-height-default elementor-section-items-middle wpr-particle-no wpr-jarallax-no wpr-parallax-no jltma-glass-effect-no elementor-invisible\" data-id=\"335b0540\" data-element_type=\"section\" data-settings=\"{&quot;background_background&quot;:&quot;classic&quot;,&quot;animation&quot;:&quot;fadeInUp&quot;,&quot;tmea_shape_divider_top&quot;:&quot;none&quot;,&quot;tmea_shape_divider_bottom&quot;:&quot;none&quot;}\">\n\t\t\t\t\t\t\t<div class=\"elementor-background-overlay\"><\/div>\n\t\t\t\t\t\t\t<div class=\"elementor-container elementor-column-gap-narrow\">\n\t\t\t\t\t<div class=\"elementor-column elementor-col-50 elementor-top-column elementor-element elementor-element-6893d8e6 jltma-glass-effect-no\" data-id=\"6893d8e6\" data-element_type=\"column\">\n\t\t\t<div class=\"elementor-widget-wrap elementor-element-populated\">\n\t\t\t\t\t\t<div class=\"elementor-element elementor-element-1b88b90e jltma-glass-effect-no elementor-invisible elementor-widget elementor-widget-heading\" data-id=\"1b88b90e\" data-element_type=\"widget\" data-settings=\"{&quot;_animation&quot;:&quot;fadeInUp&quot;,&quot;_animation_delay&quot;:300}\" data-widget_type=\"heading.default\">\n\t\t\t\t<div class=\"elementor-widget-container\">\n\t\t\t\t\t<h2 class=\"elementor-heading-title elementor-size-default\">Dise\u00f1o web<\/h2>\t\t\t\t<\/div>\n\t\t\t\t<\/div>\n\t\t\t\t<div class=\"elementor-element elementor-element-ae6bcee jltma-glass-effect-no elementor-invisible elementor-widget elementor-widget-text-editor\" data-id=\"ae6bcee\" data-element_type=\"widget\" data-settings=\"{&quot;_animation&quot;:&quot;fadeInUp&quot;,&quot;_animation_delay&quot;:300}\" data-widget_type=\"text-editor.default\">\n\t\t\t\t<div class=\"elementor-widget-container\">\n\t\t\t\t\t\t\t\t\t<p>Dise\u00f1amos im\u00e1genes que impactan desde la primera impresi\u00f3n combinando lo visual con el marketing publicitario. Nos centramos en que cada proyecto atraiga al p\u00fablico ideal con dise\u00f1os creativos que se adapten a tu esencia, que conecten y fidelicen a los usuarios.<\/p>\t\t\t\t\t\t\t\t<\/div>\n\t\t\t\t<\/div>\n\t\t\t\t<div class=\"elementor-element elementor-element-f68e289 jltma-glass-effect-no elementor-invisible elementor-widget elementor-widget-ma-creative-buttons\" data-id=\"f68e289\" data-element_type=\"widget\" data-settings=\"{&quot;_animation&quot;:&quot;fadeInUp&quot;,&quot;_animation_delay&quot;:300}\" data-widget_type=\"ma-creative-buttons.default\">\n\t\t\t\t<div class=\"elementor-widget-container\">\n\t\t\t\t\t\n\t\t<div class=\"jltma-creative-button-wrapper\">\n\t\t\t<a class=\"jltma-button jltma-creative-button jltma-creative-button--default\" href=\"#\" data-text=\"\">\n\t\t\t\t\t\t\t\t<span>\n\t\t\t\t\tCont\u00e1ctanos\t\t\t\t<\/span>\n\t\t\t\t<i aria-hidden=\"true\" class=\"jltma-creative-button-icon-right eicon-editor-external-link\"><\/i>\t\t\t<\/a>\n\t\t<\/div>\n\n\t\t\t\t<\/div>\n\t\t\t\t<\/div>\n\t\t\t\t\t<\/div>\n\t\t<\/div>\n\t\t\t\t<div class=\"elementor-column elementor-col-50 elementor-top-column elementor-element elementor-element-62419b7 jltma-glass-effect-no\" data-id=\"62419b7\" data-element_type=\"column\">\n\t\t\t<div class=\"elementor-widget-wrap elementor-element-populated\">\n\t\t\t\t\t\t<div class=\"elementor-element elementor-element-7c1f3bb jltma-glass-effect-no elementor-invisible elementor-widget elementor-widget-image\" data-id=\"7c1f3bb\" data-element_type=\"widget\" data-settings=\"{&quot;_animation&quot;:&quot;fadeInUp&quot;,&quot;_animation_delay&quot;:300}\" data-widget_type=\"image.default\">\n\t\t\t\t<div class=\"elementor-widget-container\">\n\t\t\t\t\t\t\t\t\t\t\t\t\t\t\t<img fetchpriority=\"high\" decoding=\"async\" width=\"1024\" height=\"1024\" src=\"https:\/\/agencia3puntos.com\/wp-content\/uploads\/2025\/09\/envato-labs-image-edit.png\" class=\"attachment-2048x2048 size-2048x2048 wp-image-3981\" alt=\"\" srcset=\"https:\/\/agencia3puntos.com\/wp-content\/uploads\/2025\/09\/envato-labs-image-edit.png 1024w, https:\/\/agencia3puntos.com\/wp-content\/uploads\/2025\/09\/envato-labs-image-edit-300x300.png 300w, https:\/\/agencia3puntos.com\/wp-content\/uploads\/2025\/09\/envato-labs-image-edit-150x150.png 150w, https:\/\/agencia3puntos.com\/wp-content\/uploads\/2025\/09\/envato-labs-image-edit-768x768.png 768w, https:\/\/agencia3puntos.com\/wp-content\/uploads\/2025\/09\/envato-labs-image-edit-700x700.png 700w, https:\/\/agencia3puntos.com\/wp-content\/uploads\/2025\/09\/envato-labs-image-edit-200x200.png 200w, https:\/\/agencia3puntos.com\/wp-content\/uploads\/2025\/09\/envato-labs-image-edit-650x650.png 650w\" sizes=\"(max-width: 1024px) 100vw, 1024px\" \/>\t\t\t\t\t\t\t\t\t\t\t\t\t\t\t<\/div>\n\t\t\t\t<\/div>\n\t\t\t\t\t<\/div>\n\t\t<\/div>\n\t\t\t\t\t<\/div>\n\t\t<\/section>\n\t\t\t\t<section class=\"elementor-section elementor-top-section elementor-element elementor-element-36a729b elementor-section-boxed elementor-section-height-default elementor-section-height-default wpr-particle-no wpr-jarallax-no wpr-parallax-no wpr-sticky-section-no jltma-glass-effect-no\" data-id=\"36a729b\" data-element_type=\"section\" data-settings=\"{&quot;tmea_shape_divider_top&quot;:&quot;none&quot;,&quot;tmea_shape_divider_bottom&quot;:&quot;none&quot;}\">\n\t\t\t\t\t\t<div class=\"elementor-container elementor-column-gap-default\">\n\t\t\t\t\t<div class=\"elementor-column elementor-col-50 elementor-top-column elementor-element elementor-element-3415494 jltma-glass-effect-no\" data-id=\"3415494\" data-element_type=\"column\">\n\t\t\t<div class=\"elementor-widget-wrap elementor-element-populated\">\n\t\t\t\t\t\t<div class=\"elementor-element elementor-element-8d11452 jltma-glass-effect-no elementor-widget elementor-widget-jltma-infobox\" data-id=\"8d11452\" data-element_type=\"widget\" data-widget_type=\"jltma-infobox.default\">\n\t\t\t\t<div class=\"elementor-widget-container\">\n\t\t\t\t\t\n\t\t<div id=\"jltma-infobox-8d11452\" class=\"jltma-infobox one\">\n\t\t\t<div class=\"jltma-infobox-item\">\n\n\t\t\t\t\n\t\t\t\t\t\n\t\t\t\t\t<div class=\"jltma-infobox-icon <? echo esc_attr(('img' == $settings['ma_el_infobox_img_or_icon']) ? 'image' : ''); ?>\">\n\n\t\t\t\t\t\t<div class=\"jltma-inner-content\">\n\n\t\t\t\t\t\t\t\t\t\t\t\t\t\t\t<img decoding=\"async\" src=\"https:\/\/agencia3puntos.com\/wp-content\/uploads\/2025\/12\/weasdas.png\" alt=\"\">\n\t\t\t\t\t\t\t\n\t\t\t\t\t\t\t\t\t\t\t\t\t<\/div><!-- \/.jltma-inner-content -->\n\t\t\t\t\t<\/div>\n\t\t\t\t\n\t\t\t\t<div class=\"jltma-infobox-content\">\n\t\t\t\t\t<div class=\"jltma-inner-content\">\n\t\t\t\t\t\t\t\t\t\t\t\t\t<a href=\"https:\/\/agencia3puntos.com\/index.php\/2025\/11\/25\/psingular\/\" target=\"_blank\">\n\t\t\t\t\t\t\t\t<h3 class=\"jltma-infobox-content-title\">\n\t\t\t\t\t\t\t\t\tPsingular\t\t\t\t\t\t\t\t<\/h3>\n\t\t\t\t\t\t\t<\/a>\n\t\t\t\t\t\t\n\t\t\t\t\t\t<p class=\"jltma-infobox-content-description\">\n\t\t\t\t\t\t\tCreaci\u00f3n de P\u00e1gina Web\t\t\t\t\t\t<\/p>\n\n\t\t\t\t\t\t\t\t\t\t\t<\/div><!-- \/.jltma-inner-content -->\n\t\t\t\t<\/div>\n\t\t\t<\/div>\n\t\t<\/div>\n\n\t\t\t\t<\/div>\n\t\t\t\t<\/div>\n\t\t\t\t\t<\/div>\n\t\t<\/div>\n\t\t\t\t<div class=\"elementor-column elementor-col-50 elementor-top-column elementor-element elementor-element-1db5872 jltma-glass-effect-no\" data-id=\"1db5872\" data-element_type=\"column\">\n\t\t\t<div class=\"elementor-widget-wrap elementor-element-populated\">\n\t\t\t\t\t\t<div class=\"elementor-element elementor-element-46cb557 jltma-glass-effect-no elementor-widget elementor-widget-jltma-infobox\" data-id=\"46cb557\" data-element_type=\"widget\" data-widget_type=\"jltma-infobox.default\">\n\t\t\t\t<div class=\"elementor-widget-container\">\n\t\t\t\t\t\n\t\t<div id=\"jltma-infobox-46cb557\" class=\"jltma-infobox one\">\n\t\t\t<div class=\"jltma-infobox-item\">\n\n\t\t\t\t\n\t\t\t\t\t\n\t\t\t\t\t<div class=\"jltma-infobox-icon <? echo esc_attr(('img' == $settings['ma_el_infobox_img_or_icon']) ? 'image' : ''); ?>\">\n\n\t\t\t\t\t\t<div class=\"jltma-inner-content\">\n\n\t\t\t\t\t\t\t\t\t\t\t\t\t\t\t<img decoding=\"async\" src=\"https:\/\/agencia3puntos.com\/wp-content\/uploads\/2025\/12\/Cadeco.png\" alt=\"\">\n\t\t\t\t\t\t\t\n\t\t\t\t\t\t\t\t\t\t\t\t\t<\/div><!-- \/.jltma-inner-content -->\n\t\t\t\t\t<\/div>\n\t\t\t\t\n\t\t\t\t<div class=\"jltma-infobox-content\">\n\t\t\t\t\t<div class=\"jltma-inner-content\">\n\t\t\t\t\t\t\t\t\t\t\t\t\t<h3 class=\"jltma-infobox-content-title\">\n\t\t\t\t\t\t\t\tInfobox Title\t\t\t\t\t\t\t<\/h3>\n\t\t\t\t\t\t\n\t\t\t\t\t\t<p class=\"jltma-infobox-content-description\">\n\t\t\t\t\t\t\tBasic description about the Infobox\t\t\t\t\t\t<\/p>\n\n\t\t\t\t\t\t\t\t\t\t\t<\/div><!-- \/.jltma-inner-content -->\n\t\t\t\t<\/div>\n\t\t\t<\/div>\n\t\t<\/div>\n\n\t\t\t\t<\/div>\n\t\t\t\t<\/div>\n\t\t\t\t\t<\/div>\n\t\t<\/div>\n\t\t\t\t\t<\/div>\n\t\t<\/section>\n\t\t\t\t<\/div>\n\t\t","protected":false},"excerpt":{"rendered":"<p>Dise\u00f1o web Dise\u00f1amos im\u00e1genes que impactan desde la primera impresi\u00f3n combinando lo visual con el marketing publicitario. Nos centramos en que cada proyecto atraiga al p\u00fablico ideal con dise\u00f1os creativos que se adapten a tu esencia, que conecten y fidelicen a los usuarios. Cont\u00e1ctanos \u00ab> Psingular Creaci\u00f3n de P\u00e1gina Web \u00ab> Infobox Title Basic description about the Infobox<\/p>\n","protected":false},"author":1,"featured_media":0,"parent":0,"menu_order":0,"comment_status":"closed","ping_status":"closed","template":"page-templates\/template-pagebuilder-full-width.php","meta":{"neve_meta_sidebar":"","neve_meta_container":"","neve_meta_enable_content_width":"","neve_meta_content_width":0,"neve_meta_title_alignment":"","neve_meta_author_avatar":"","neve_post_elements_order":"","neve_meta_disable_header":"","neve_meta_disable_footer":"","neve_meta_disable_title":"","footnotes":""},"class_list":["post-4747","page","type-page","status-publish","hentry"],"aioseo_notices":[],"_links":{"self":[{"href":"https:\/\/agencia3puntos.com\/index.php\/wp-json\/wp\/v2\/pages\/4747","targetHints":{"allow":["GET"]}}],"collection":[{"href":"https:\/\/agencia3puntos.com\/index.php\/wp-json\/wp\/v2\/pages"}],"about":[{"href":"https:\/\/agencia3puntos.com\/index.php\/wp-json\/wp\/v2\/types\/page"}],"author":[{"embeddable":true,"href":"https:\/\/agencia3puntos.com\/index.php\/wp-json\/wp\/v2\/users\/1"}],"replies":[{"embeddable":true,"href":"https:\/\/agencia3puntos.com\/index.php\/wp-json\/wp\/v2\/comments?post=4747"}],"version-history":[{"count":19,"href":"https:\/\/agencia3puntos.com\/index.php\/wp-json\/wp\/v2\/pages\/4747\/revisions"}],"predecessor-version":[{"id":4962,"href":"https:\/\/agencia3puntos.com\/index.php\/wp-json\/wp\/v2\/pages\/4747\/revisions\/4962"}],"wp:attachment":[{"href":"https:\/\/agencia3puntos.com\/index.php\/wp-json\/wp\/v2\/media?parent=4747"}],"curies":[{"name":"wp","href":"https:\/\/api.w.org\/{rel}","templated":true}]}}